{"id":9,"date":"2017-12-29T23:02:26","date_gmt":"2017-12-29T23:02:26","guid":{"rendered":"http:\/\/itva.eu\/?page_id=9"},"modified":"2026-04-12T13:41:39","modified_gmt":"2026-04-12T12:41:39","slug":"about","status":"publish","type":"page","link":"https:\/\/itva.cloud\/index.php\/about\/","title":{"rendered":"About"},"content":{"rendered":"\n<p><strong>ITVA &#8211; Institute of Technology, Visualisation &amp; AI<\/strong> steht f\u00fcr alle Aspekte der Unternehmenskommunikation bzw. Corporate Communication.<\/p>\n\n\n\n<p>Fr\u00fcher stand der Name ITVA f\u00fcr &#8222;<strong>International Television Association<\/strong>&#8220; und &#8222;<strong>Integrated TV &amp; Video Association<\/strong>&#8222;. Der schnellen Entwicklung im Bereich AI und die Digitalisierung aller Unternehmensbereiche ver\u00e4ndert auch die Kommunikation vielf\u00e4ltig.<\/p>\n\n\n\n<p>Dem wollen wir gerecht werden und gem\u00e4\u00df unserem Leitspruch <strong>Qualit\u00e4t durch Kreativit\u00e4t<\/strong>&nbsp;den ITVA in diesen spannenden Gesch\u00e4ftsfeldern zur f\u00fchrenden Institution ausbauen.<\/p>\n\n\n\n<p class=\"has-white-background-color has-background\">Wenn Sie Fragen zu unserer T\u00e4tigkeit haben oder Sie sich bei uns engagieren wollen, nehmen Sie bitte <strong><a href=\"https:\/\/itva.cloud\/index.php\/contact\/\">Kontakt<\/a><\/strong> mit uns auf &#8211; wir stehen Ihnen gerne zur Verf\u00fcgung!<\/p>\n\n\n\n<p>Wenn Sie ITVA-Mitglied werden wollen, finden Sie hier alle Informationen und das Anmeldeformular:<\/p>\n\n\n\n<p class=\"has-white-color has-vivid-cyan-blue-background-color has-text-color has-background has-link-color wp-elements-b30c29d7178d31764f408a9470480dae\"><strong><a href=\"https:\/\/itva-aifilmworkshop.manus.space\/itva-membership\" target=\"_blank\" rel=\"noreferrer noopener\">Hier ITVA-Mitglied werden<\/a><\/strong><\/p>\n","protected":false},"excerpt":{"rendered":"<p>ITVA &#8211; Institute of Technology, Visualisation &amp; AI steht f\u00fcr alle Aspekte der Unternehmenskommunikation bzw. Corporate Communication. Fr\u00fcher stand der Name ITVA f\u00fcr &#8222;International Television Association&#8220; und &#8222;Integrated TV &amp; Video Association&#8222;. Der schnellen Entwicklung im Bereich AI und die Digitalisierung aller Unternehmensbereiche ver\u00e4ndert auch die Kommunikation vielf\u00e4ltig. Dem wollen wir gerecht werden und gem\u00e4\u00df&hellip; <br \/> <a class=\"read-more\" href=\"https:\/\/itva.cloud\/index.php\/about\/\">Weiterlesen<\/a><\/p>\n","protected":false},"author":2,"featured_media":50,"parent":0,"menu_order":0,"comment_status":"closed","ping_status":"closed","template":"","meta":{"footnotes":""},"class_list":["post-9","page","type-page","status-publish","has-post-thumbnail","hentry"],"_links":{"self":[{"href":"https:\/\/itva.cloud\/index.php\/wp-json\/wp\/v2\/pages\/9","targetHints":{"allow":["GET"]}}],"collection":[{"href":"https:\/\/itva.cloud\/index.php\/wp-json\/wp\/v2\/pages"}],"about":[{"href":"https:\/\/itva.cloud\/index.php\/wp-json\/wp\/v2\/types\/page"}],"author":[{"embeddable":true,"href":"https:\/\/itva.cloud\/index.php\/wp-json\/wp\/v2\/users\/2"}],"replies":[{"embeddable":true,"href":"https:\/\/itva.cloud\/index.php\/wp-json\/wp\/v2\/comments?post=9"}],"version-history":[{"count":7,"href":"https:\/\/itva.cloud\/index.php\/wp-json\/wp\/v2\/pages\/9\/revisions"}],"predecessor-version":[{"id":959,"href":"https:\/\/itva.cloud\/index.php\/wp-json\/wp\/v2\/pages\/9\/revisions\/959"}],"wp:featuredmedia":[{"embeddable":true,"href":"https:\/\/itva.cloud\/index.php\/wp-json\/wp\/v2\/media\/50"}],"wp:attachment":[{"href":"https:\/\/itva.cloud\/index.php\/wp-json\/wp\/v2\/media?parent=9"}],"curies":[{"name":"wp","href":"https:\/\/api.w.org\/{rel}","templated":true}]}}