{"id":886,"date":"2025-12-04T14:20:40","date_gmt":"2025-12-04T13:20:40","guid":{"rendered":"https:\/\/www.itva.eu\/?page_id=886"},"modified":"2026-04-12T13:37:25","modified_gmt":"2026-04-12T12:37:25","slug":"mitgliedschaften","status":"publish","type":"page","link":"https:\/\/itva.cloud\/index.php\/mitgliedschaften\/","title":{"rendered":"Mitgliedschaften"},"content":{"rendered":"\n<p>Werden Sie jetzt <strong>ITVA-Mitglied<\/strong> und <strong>profitieren Sie von einer innovativen und lebendigen Communit<\/strong>y in Bereich Creative AI-Production and Media mit Events, Webmeetings und Forschungskooperationen:<\/p>\n\n\n\n<p>\u2022 <strong>AI Workshops &amp; Virtual Production Labs&nbsp;<\/strong><br>\u2022 <strong>Technologie-Demos &amp; Showrooms<\/strong><br>\u2022 <strong>AI Knowledge Hub mit praxisnahen Insights<\/strong><br>\u2022 <strong>Networking-Events &amp; Creative-Tech Panels<\/strong><br>\u2022 <strong>Forschungs-Kooperationen &amp; Innovations-Partnerschaften<\/strong><br>\u2022 <strong>StartUp-Programme &amp; Talentf\u00f6rderung<\/strong>&nbsp;<br>\u2022 <strong>Green-AI-Konzepte f\u00fcr nachhaltige Medienproduktion<\/strong>&nbsp;<\/p>\n\n\n\n<p><strong>Unsere Mitgliedschaften im Einzelnen:<\/strong><\/p>\n\n\n\n<p><strong>Einzelmitgliedschaft&nbsp;<\/strong>150,- \u20ac \/ Jahr&nbsp;<br>F\u00fcr Kreative, Freelancer und Professionals. Zugang zu Workshops, Events, Networking &amp; Award-Vorteilen.&nbsp;<\/p>\n\n\n\n<p><strong>Firmenmitgliedschaft&nbsp;<\/strong>450,- \u20ac \/ Jahr&nbsp;<br>F\u00fcr Unternehmen, Studios &amp; Agenturen. Teamzug\u00e4nge, Pr\u00e4sentationsm\u00f6glichkeiten &amp; Messevorteile.&nbsp;<\/p>\n\n\n\n<p><strong>F\u00f6rdermitgliedschaft&nbsp;<\/strong>1.500,- \u20ac \/ Jahr&nbsp;<br>F\u00fcr Corporate Partner &amp; Institutionen. Logo-Pr\u00e4senz, Werbung &amp; Priorit\u00e4t in Projekten.&nbsp;<\/p>\n\n\n\n<p><strong>IAI Club&nbsp;<\/strong>59,- \u20ac \/ Jahr&nbsp;<br>F\u00fcr Studierende, StartUps &amp; junge Kreative. Workshops, Mentoring &amp; Networking-Programme.&nbsp;Test von AI-Programmen<\/p>\n\n\n\n<p>>>\u00a0<strong><a href=\"https:\/\/itva-aifilmworkshop.manus.space\/itva-membership\" data-type=\"page\" data-id=\"119\" target=\"_blank\" rel=\"noreferrer noopener\">Jetzt Mitglied werden<\/a><\/strong><\/p>\n\n\n\n<figure class=\"wp-block-image size-full is-resized\"><a href=\"https:\/\/itva.cloud\/index.php\/kontakt\/\"><img loading=\"lazy\" decoding=\"async\" width=\"1536\" height=\"1024\" src=\"https:\/\/itva.cloud\/wp-content\/uploads\/2025\/12\/ITVA-Highlights-und-Angebote.png\" alt=\"\" class=\"wp-image-888\" style=\"width:600px\" srcset=\"https:\/\/itva.cloud\/wp-content\/uploads\/2025\/12\/ITVA-Highlights-und-Angebote.png 1536w, https:\/\/itva.cloud\/wp-content\/uploads\/2025\/12\/ITVA-Highlights-und-Angebote-300x200.png 300w, https:\/\/itva.cloud\/wp-content\/uploads\/2025\/12\/ITVA-Highlights-und-Angebote-768x512.png 768w, https:\/\/itva.cloud\/wp-content\/uploads\/2025\/12\/ITVA-Highlights-und-Angebote-1024x683.png 1024w\" sizes=\"auto, (max-width: 1536px) 100vw, 1536px\" \/><\/a><\/figure>\n","protected":false},"excerpt":{"rendered":"<p>Werden Sie jetzt ITVA-Mitglied und profitieren Sie von einer innovativen und lebendigen Community in Bereich Creative AI-Production and Media mit Events, Webmeetings und Forschungskooperationen: \u2022 AI Workshops &amp; Virtual Production Labs&nbsp;\u2022 Technologie-Demos &amp; Showrooms\u2022 AI Knowledge Hub mit praxisnahen Insights\u2022 Networking-Events &amp; Creative-Tech Panels\u2022 Forschungs-Kooperationen &amp; Innovations-Partnerschaften\u2022 StartUp-Programme &amp; Talentf\u00f6rderung&nbsp;\u2022 Green-AI-Konzepte f\u00fcr nachhaltige Medienproduktion&nbsp; Unsere&hellip; <br \/> <a class=\"read-more\" href=\"https:\/\/itva.cloud\/index.php\/mitgliedschaften\/\">Weiterlesen<\/a><\/p>\n","protected":false},"author":2,"featured_media":888,"parent":0,"menu_order":0,"comment_status":"closed","ping_status":"closed","template":"","meta":{"footnotes":""},"class_list":["post-886","page","type-page","status-publish","has-post-thumbnail","hentry"],"_links":{"self":[{"href":"https:\/\/itva.cloud\/index.php\/wp-json\/wp\/v2\/pages\/886","targetHints":{"allow":["GET"]}}],"collection":[{"href":"https:\/\/itva.cloud\/index.php\/wp-json\/wp\/v2\/pages"}],"about":[{"href":"https:\/\/itva.cloud\/index.php\/wp-json\/wp\/v2\/types\/page"}],"author":[{"embeddable":true,"href":"https:\/\/itva.cloud\/index.php\/wp-json\/wp\/v2\/users\/2"}],"replies":[{"embeddable":true,"href":"https:\/\/itva.cloud\/index.php\/wp-json\/wp\/v2\/comments?post=886"}],"version-history":[{"count":7,"href":"https:\/\/itva.cloud\/index.php\/wp-json\/wp\/v2\/pages\/886\/revisions"}],"predecessor-version":[{"id":957,"href":"https:\/\/itva.cloud\/index.php\/wp-json\/wp\/v2\/pages\/886\/revisions\/957"}],"wp:featuredmedia":[{"embeddable":true,"href":"https:\/\/itva.cloud\/index.php\/wp-json\/wp\/v2\/media\/888"}],"wp:attachment":[{"href":"https:\/\/itva.cloud\/index.php\/wp-json\/wp\/v2\/media?parent=886"}],"curies":[{"name":"wp","href":"https:\/\/api.w.org\/{rel}","templated":true}]}}