{"id":71,"date":"2018-01-19T14:29:34","date_gmt":"2018-01-19T13:29:34","guid":{"rendered":"http:\/\/www.itva.eu\/index.php\/mesmerize\/"},"modified":"2026-04-17T21:16:13","modified_gmt":"2026-04-17T20:16:13","slug":"mesmerize","status":"publish","type":"page","link":"https:\/\/itva.cloud\/","title":{"rendered":"Front Page"},"content":{"rendered":"<div  id=\"overlappable-4\" class=\"overlappable-4 content-section content-section-spacing\" style=\"background-color: #ffffff;\" data-label=\"Overlappable\" data-id=\"overlappable-4\" data-export-id=\"overlappable-4\" data-category=\"overlappable\" data-overlap=\"true\">\n<div  class=\"gridContainer\">\n<div  class=\"row spaced-cols text-center\" data-type=\"row\">\n<div  class=\"col-xs-12 col-sm-4 col-padding\"><i  class=\"fa icon shadow-large-black aligncenter color1 fa-usb reverse round large\"> <\/i>\n<div  class=\"\" data-type=\"column\">\n<h5  class=\"\">TECHNOLOGY<\/h5>\n<p  class=\"\">Technik bestimmt die Medien und Corporate Communication, die komplexe Beherrschung schafft Produktivit\u00e4t&nbsp;im Sinne des Menschen<\/p>\n\n\n<\/div>\n<\/div>\n<div  class=\"col-xs-12 col-sm-4 col-padding\"><i  class=\"fa icon shadow-large-black aligncenter color1 fa-pencil-square-o reverse round large\"> <\/i>\n<div  class=\"\" data-type=\"column\">\n<h5  class=\"\">VISUALISATION<\/h5>\n<p  class=\"\">Film, Video, Illustration, Photografie \u2013 Bilder transportieren Emotionen und Informationen Integrierte multimediale Kommunikation<\/p>\n\n\n<\/div>\n<\/div>\n<div  class=\"col-xs-12 col-sm-4 col-padding\"><i  class=\"fa icon shadow-large-black aligncenter color1 fa-android reverse round large\"> <\/i>\n<div  class=\"\" data-type=\"column\">\n<h5  class=\"\">ARTIFICIAL INTELLIGENCE<\/h5>\n<p  class=\"\">AI, k\u00fcnstliche Intelligenz, Big-Data, Deep Learning werden die Kreativit\u00e4t der n\u00e4chsten Jahre stark beeinflussen<\/p>\n\n\n<\/div>\n<\/div>\n<\/div>\n<\/div>\n<\/div><div  id=\"latest-news-1\" class=\"blog-section content-section content-section-spacing\" style=\"background-color: #f5fafd;\" data-label=\"Latest-news\" data-id=\"blog-section\" data-export-id=\"blog-section\" data-category=\"latest_news\">\n<div  class=\"gridContainer\">\n<div  class=\"row\">\n<div  class=\"section-title-col\" data-type=\"column\">\n<h2  class=\"\">ITVA_Press<\/h2>\n<p  class=\"lead\">ITVA_Press ist der Branchen Newservice mit Neuigkeiten aus dem Institut und der Welt von Corporate Communication, Technology, AI und Bewegtbild Medien<\/p>\n\n\n<\/div>\n<\/div>\n<div  class=\"row\">\n<div  data-type=\"row\" data-dynamic-columns=\"handled\" data-content-shortcode=\"mesmerize_latest_news\">\t\t<div class=\"row center-sm content-left-sm\">\n\t\t\t\t\t<div id=\"post-1037\" class=\"col-sm-6 col-md-4 space-bottom space-bottom-xs\">\n\t\t\t\t<div class=\"post-content card y-move bordered\">\n\t\t\t\t\t<div class=\"post-thumbnail\">\n   <a href=\"https:\/\/itva.cloud\/index.php\/2026\/04\/22\/ai-filming-workshop-die-herstellung-des-ki-films-imperia\/\" class=\"post-list-item-thumb \">\n      <img loading=\"lazy\" decoding=\"async\" width=\"1024\" height=\"575\" src=\"https:\/\/itva.cloud\/wp-content\/uploads\/2026\/04\/IMPERIA-Main-Poster-german-2000-1024x575.jpg\" class=\"attachment-post-thumbnail size-post-thumbnail wp-post-image\" alt=\"\" srcset=\"https:\/\/itva.cloud\/wp-content\/uploads\/2026\/04\/IMPERIA-Main-Poster-german-2000-1024x575.jpg 1024w, https:\/\/itva.cloud\/wp-content\/uploads\/2026\/04\/IMPERIA-Main-Poster-german-2000-300x169.jpg 300w, https:\/\/itva.cloud\/wp-content\/uploads\/2026\/04\/IMPERIA-Main-Poster-german-2000-768x432.jpg 768w, https:\/\/itva.cloud\/wp-content\/uploads\/2026\/04\/IMPERIA-Main-Poster-german-2000-1536x863.jpg 1536w, https:\/\/itva.cloud\/wp-content\/uploads\/2026\/04\/IMPERIA-Main-Poster-german-2000-1920x1080.jpg 1920w, https:\/\/itva.cloud\/wp-content\/uploads\/2026\/04\/IMPERIA-Main-Poster-german-2000.jpg 2000w\" sizes=\"auto, (max-width: 1024px) 100vw, 1024px\" \/>   <\/a>\n<\/div>\n\t\t\t\t\t<div class=\"col-padding col-padding-xs\">\n\t\t\t\t\t\t<h3 class=\"post-title space-bottom-small\">\n\t\t\t\t\t\t\t<a href=\"https:\/\/itva.cloud\/index.php\/2026\/04\/22\/ai-filming-workshop-die-herstellung-des-ki-films-imperia\/\" rel=\"bookmark\">\n\t\t\t\t\t\t\t\tAI FILMING Workshop | Die Herstellung des KI-Films IMPERIA\t\t\t\t\t\t\t<\/a>\n\t\t\t\t\t\t<\/h3>\n\t\t\t\t\t\t<p>Beim ITVA \u2013 Institute of Technology, Visualisation &amp; AI wollen wir das Zeitalter der K\u00fcnstlichen Intelligenz aktiv mitgestalten. Hier ist eine der gr\u00f6\u00dften Herausforderungen f\u00fcr die gesamte Menschheit im Gange,[&hellip;]<\/p>\n\t\t\t\t\t\t<a class=\"read-more link\" href=\"https:\/\/itva.cloud\/index.php\/2026\/04\/22\/ai-filming-workshop-die-herstellung-des-ki-films-imperia\/\">\n\t\t\t\t\t\t\tRead more\t\t\t\t\t\t<\/a>\n\t\t\t\t\t<\/div>\n\t\t\t\t<\/div>\n\t\t\t<\/div>\n\t\t\t\t\t\t<div id=\"post-1017\" class=\"col-sm-6 col-md-4 space-bottom space-bottom-xs\">\n\t\t\t\t<div class=\"post-content card y-move bordered\">\n\t\t\t\t\t<div class=\"post-thumbnail\">\n   <a href=\"https:\/\/itva.cloud\/index.php\/2026\/04\/22\/die-verschmelzung-von-licht-raum-und-stimme-ki-als-architekt-der-neuen-realitaet\/\" class=\"post-list-item-thumb \">\n      <img loading=\"lazy\" decoding=\"async\" width=\"1024\" height=\"572\" src=\"https:\/\/itva.cloud\/wp-content\/uploads\/2026\/04\/ai-film-future-studio-1024x572.png\" class=\"attachment-post-thumbnail size-post-thumbnail wp-post-image\" alt=\"\" srcset=\"https:\/\/itva.cloud\/wp-content\/uploads\/2026\/04\/ai-film-future-studio-1024x572.png 1024w, https:\/\/itva.cloud\/wp-content\/uploads\/2026\/04\/ai-film-future-studio-300x167.png 300w, https:\/\/itva.cloud\/wp-content\/uploads\/2026\/04\/ai-film-future-studio-768x429.png 768w, https:\/\/itva.cloud\/wp-content\/uploads\/2026\/04\/ai-film-future-studio.png 1376w\" sizes=\"auto, (max-width: 1024px) 100vw, 1024px\" \/>   <\/a>\n<\/div>\n\t\t\t\t\t<div class=\"col-padding col-padding-xs\">\n\t\t\t\t\t\t<h3 class=\"post-title space-bottom-small\">\n\t\t\t\t\t\t\t<a href=\"https:\/\/itva.cloud\/index.php\/2026\/04\/22\/die-verschmelzung-von-licht-raum-und-stimme-ki-als-architekt-der-neuen-realitaet\/\" rel=\"bookmark\">\n\t\t\t\t\t\t\t\tDie Verschmelzung von Licht, Raum und Stimme \u2013 KI als Architekt der Neuen Realit\u00e4t\t\t\t\t\t\t\t<\/a>\n\t\t\t\t\t\t<\/h3>\n\t\t\t\t\t\t<p>Neuigkeiten aus der Welt der Innovation. W\u00e4hrend die Sonne \u00fcber den Studios aufgeht, sehen wir, dass die K\u00fcnstliche Intelligenz nicht mehr nur ein Werkzeug ist, sondern zum engsten Verb\u00fcndeten der[&hellip;]<\/p>\n\t\t\t\t\t\t<a class=\"read-more link\" href=\"https:\/\/itva.cloud\/index.php\/2026\/04\/22\/die-verschmelzung-von-licht-raum-und-stimme-ki-als-architekt-der-neuen-realitaet\/\">\n\t\t\t\t\t\t\tRead more\t\t\t\t\t\t<\/a>\n\t\t\t\t\t<\/div>\n\t\t\t\t<\/div>\n\t\t\t<\/div>\n\t\t\t\t\t\t<div id=\"post-1011\" class=\"col-sm-6 col-md-4 space-bottom space-bottom-xs\">\n\t\t\t\t<div class=\"post-content card y-move bordered\">\n\t\t\t\t\t<div class=\"post-thumbnail\">\n   <a href=\"https:\/\/itva.cloud\/index.php\/2026\/04\/19\/ein-morgen-voller-durchbrueche-wie-llama-4-und-gemma-4-die-filmwelt-veraendern\/\" class=\"post-list-item-thumb \">\n      <img loading=\"lazy\" decoding=\"async\" width=\"1024\" height=\"572\" src=\"https:\/\/itva.cloud\/wp-content\/uploads\/2026\/04\/llama-gemma-itva-blog-1024x572.png\" class=\"attachment-post-thumbnail size-post-thumbnail wp-post-image\" alt=\"Ein Morgen voller Durchbr\u00fcche: Wie Llama 4 und Gemma 4 die Filmwelt ver\u00e4ndern\" srcset=\"https:\/\/itva.cloud\/wp-content\/uploads\/2026\/04\/llama-gemma-itva-blog-1024x572.png 1024w, https:\/\/itva.cloud\/wp-content\/uploads\/2026\/04\/llama-gemma-itva-blog-300x167.png 300w, https:\/\/itva.cloud\/wp-content\/uploads\/2026\/04\/llama-gemma-itva-blog-768x429.png 768w, https:\/\/itva.cloud\/wp-content\/uploads\/2026\/04\/llama-gemma-itva-blog.png 1376w\" sizes=\"auto, (max-width: 1024px) 100vw, 1024px\" \/>   <\/a>\n<\/div>\n\t\t\t\t\t<div class=\"col-padding col-padding-xs\">\n\t\t\t\t\t\t<h3 class=\"post-title space-bottom-small\">\n\t\t\t\t\t\t\t<a href=\"https:\/\/itva.cloud\/index.php\/2026\/04\/19\/ein-morgen-voller-durchbrueche-wie-llama-4-und-gemma-4-die-filmwelt-veraendern\/\" rel=\"bookmark\">\n\t\t\t\t\t\t\t\tEin Morgen voller Durchbr\u00fcche: Wie Llama 4 und Gemma 4 die Filmwelt ver\u00e4ndern\t\t\t\t\t\t\t<\/a>\n\t\t\t\t\t\t<\/h3>\n\t\t\t\t\t\t<p>Liebe Kreative und Filmschaffende, der April 2026 erweist sich als ein wahrer Wendepunkt f\u00fcr die Schnittstelle von Technologie und Visueller Kommunikation. Mit der Ver\u00f6ffentlichung von Metas Llama 4 und Googles[&hellip;]<\/p>\n\t\t\t\t\t\t<a class=\"read-more link\" href=\"https:\/\/itva.cloud\/index.php\/2026\/04\/19\/ein-morgen-voller-durchbrueche-wie-llama-4-und-gemma-4-die-filmwelt-veraendern\/\">\n\t\t\t\t\t\t\tRead more\t\t\t\t\t\t<\/a>\n\t\t\t\t\t<\/div>\n\t\t\t\t<\/div>\n\t\t\t<\/div>\n\t\t\t\t<\/div>\n\t<\/div>\n<\/div>\n<div  class=\"row\">\n<div  class=\"text-center\"><a  class=\"button color1\" href=\"https:\/\/itva.cloud\/index.php\/blog\/\" target=\"_self\" data-attr-shortcode=\"href:mesmerize_blog_link\" rel=\"noopener noreferrer\">SEE ALL BLOG POSTS<\/a><\/div>\n<\/div>\n<\/div>\n<\/div><div  id=\"about-1\" class=\"about-1 content-section content-section-spacing\" style=\"background-color: #f5fafd;\" data-label=\"About\" data-id=\"about-1\" data-export-id=\"about-1\" data-category=\"about\">\n<div  class=\"gridContainer\">\n<div  class=\"row text-center\">\n<div  class=\"section-title-col\" data-type=\"column\">\n<h5  class=\"\">ITVA \u2013 Institute of Technology, Visualisation &amp; AI<\/h5>\n<h2  class=\"\">Qualit\u00e4t durch Kreativit\u00e4t ist unser Leitspruch<\/h2>\n<p  class=\"lead\">Die neue Bezeichung des ITVA setzt sich aus den Begriffen \u201cTechnology\u201d, \u201cVisualisation\u201d und \u201cArtificial Intelligence\u201d zusammen und unterstreicht damit, dass der Verband aktuelle wichtige Entwicklungen im Internet, Medien und Corporate Communication thematisiert. Die Geschichte dieses Interessenverbandes reicht viele Jahre zur\u00fcck. Die deutsche Sektion des ITVA besteht seit 1983, der Zeit von Corporate TV. Seitdem hat so viel getan. Wie verbinden die Tradition mit dem Neuen und gestalten so die Zukunft. Mit dabei sind Kreative, Filmemacherinnen, K\u00fcnstler, Produzenten, Autoren, Regisseurinnen, Kameraleute, Tontechniker, AI Expertinnen, Datascientist, Softwareentwickler, Unternehmen, Institutionen, Universit\u00e4ten, Lieferanten, Dienstleister, Berater und Fachverb\u00e4nde.<\/p>\n<a  class=\"button color1\" href=\"#\">GET STARTED NOW<\/a>\n\n<\/div>\n<\/div>\n<div  class=\"row\">\n<div  class=\"col-xs bottom-xs flexbox image-group-bottom-3-img space-bottom-xs center-xs\"><img  decoding=\"async\" class=\"left-img shadow-large-black\" src=\"https:\/\/itva.cloud\/wp-content\/uploads\/2018\/01\/cropped-18-ITVA-Award-Pyramiden.jpg\" data-size=\"500x300\"> <img  decoding=\"async\" class=\"center-img shadow-large-black\" src=\"https:\/\/itva.cloud\/wp-content\/uploads\/2017\/12\/cropped-mind-machine-interface-transhumanism-1.jpg\" data-size=\"500x300\"> <img  decoding=\"async\" class=\"right-img shadow-large-black\" src=\"https:\/\/itva.cloud\/wp-content\/uploads\/2018\/01\/cropped-prolight-and-sound-messe.jpg\" data-size=\"500x300\"><\/div>\n<\/div>\n<\/div>\n<\/div><div  id=\"features-3\" class=\"features-12-card-bordered content-section content-section-spacing \" style=\"background-color: #ffffff;\" data-label=\"Features\" data-id=\"features-12-card-bordered\" data-export-id=\"features-12-card-bordered\" data-category=\"features\">\n<div  class=\"gridContainer\">\n<div  class=\"row text-center\">\n<div  class=\"section-title-col\" data-type=\"column\">\n<h2  class=\"\">wof\u00fcr wir stehen<\/h2>\n<p  class=\"lead\">Die schnelle Entwicklung im Bereich AI und die Digitalisierung aller Unternehmensbereiche ver\u00e4ndert die Kommunikation vielf\u00e4ltig.&nbsp;Dem wollen wir gerecht werden und gem\u00e4\u00df unserem Leitspruch \u201cQualit\u00e4t durch Kreativit\u00e4t\u201d den ITVA zur f\u00fchrenden Institution ausbauen.<\/p>\n\n\n<\/div>\n<\/div>\n<div  class=\"row spaced-cols\" data-type=\"row\">\n<div  class=\"col-sm-6\">\n<div  class=\"card row-card bordered y-move\">\n<div  class=\"row\">\n<div  class=\"col-sm-fit icon-column\"><\/div>\n<div  class=\"col-sm\" data-type=\"column\">\n<h5  class=\"color2\">WETTBEWERB \u2013 ITVA-AWARD<\/h5>\n<p  class=\"\">Seit \u00fcber 20 Jahren zeichnet der ITVA die besten Produktionen in 12 Kategorien aus dem Bereich Corportae Communication aus und schreibt damit Industriefilm Geschichte.<\/p>\n\n\n<\/div>\n<\/div>\n<\/div>\n<\/div>\n<div  class=\"col-sm-6\">\n<div  class=\"card row-card bordered y-move\">\n<div  class=\"row\">\n<div  class=\"col-sm-fit icon-column\"><\/div>\n<div  class=\"col-sm\" data-type=\"column\">\n<h5  class=\"color2\">NETZWERK &amp; COMMUNITY<\/h5>\n<p  class=\"\">Der ITVA bietet allen Interessierten, Professionals, Studenten und Firmen Orientierung und Qualit\u00e4tsmerkmale im sich immer schneller drehenden Digital Universe.<\/p>\n\n\n<\/div>\n<\/div>\n<\/div>\n<\/div>\n<div  class=\"col-sm-6\">\n<div  class=\"card row-card bordered y-move\">\n<div  class=\"row\">\n<div  class=\"col-sm-fit icon-column\"><\/div>\n<div  class=\"col-sm\" data-type=\"column\">\n<h5  class=\"color2\">INTERNATIONALE KONFERNEZEN<\/h5>\n<p  class=\"\">Der ITVA kommuniziert mit Playern weltweit und bietet Kontakte und Gesch\u00e4ftsm\u00f6glichkeiten \u00fcber Landesgrenzen hinaus.&nbsp;Wir vernetzen Sie mit den internationalen Entscheidern Ihrer Branche.<\/p>\n\n\n<\/div>\n<\/div>\n<\/div>\n<\/div>\n<div  class=\"col-sm-6\">\n<div  class=\"card row-card bordered y-move\">\n<div  class=\"row\">\n<div  class=\"col-sm-fit icon-column\"><\/div>\n<div  class=\"col-sm\" data-type=\"column\">\n<h5  class=\"color2\">UNTERST\u00dcTZUNG IM ROBOAGE<\/h5>\n<p  class=\"\">Der ITVA setzt sich f\u00fcr eine gute und zukunftsf\u00e4hige Ausbildung in Schulen und Universit\u00e4ten ein, um junge Menschen fit die das Zeitalter der Roboter und AI zu machen.<\/p>\n\n\n<\/div>\n<\/div>\n<\/div>\n<\/div>\n<\/div>\n<\/div>\n<\/div><div  id=\"portfolio-3\" class=\"portfolio-4 content-section content-section-spacing-top\" style=\"background-color: #f5fafd;\" data-label=\"Portfolio\" data-id=\"portfolio-4\" data-export-id=\"portfolio-4\" data-category=\"portfolio\">\n<div  class=\"\">\n<div  class=\"row text-center\">\n<div  class=\"section-title-col\" data-type=\"column\">\n<h2  class=\"\">Pinakothek \u2013 Vernissage<\/h2>\n<p  class=\"lead\">Interessante Bilder, Projekte, Visualisierungen &amp; Kunst<\/p>\n\n\n<\/div>\n<\/div>\n<div  class=\"row\" data-type=\"row\">\n<div  class=\"col-xs-12 col-sm-3 no-gutter-col\">\n<div  class=\"contentswap-effect\" data-hover-fx=\"portfolio-4\">\n<div  class=\"initial-image\"><img  decoding=\"async\" class=\"\" src=\"https:\/\/itva.cloud\/wp-content\/uploads\/2018\/01\/cropped-30-Jahre-ITVA-Jubilaeum-2013-600.jpg\" data-size=\"542x360\"><\/div>\n<div  class=\"overlay bg-color1\"><\/div>\n<div  class=\"swap-inner col-xs-12\">\n<div  class=\"row full-height-row middle-xs middle-sm\">\n<div  class=\"col-xs-12 text-center content-holder\"><\/div>\n<\/div>\n<\/div>\n<\/div>\n<\/div>\n<div  class=\"col-xs-12 col-sm-3 no-gutter-col\">\n<div  class=\"contentswap-effect\" data-hover-fx=\"portfolio-4\">\n<div  class=\"initial-image\"><img  decoding=\"async\" class=\"\" src=\"https:\/\/itva.cloud\/wp-content\/uploads\/2018\/01\/cropped-DSC00391.jpg\" data-size=\"542x360\"><\/div>\n<div  class=\"overlay bg-color1\"><\/div>\n<div  class=\"swap-inner col-xs-12\">\n<div  class=\"row full-height-row middle-xs middle-sm\">\n<div  class=\"col-xs-12 text-center content-holder\"><\/div>\n<\/div>\n<\/div>\n<\/div>\n<\/div>\n<div  class=\"col-xs-12 col-sm-3 no-gutter-col\">\n<div  class=\"contentswap-effect\" data-hover-fx=\"portfolio-4\">\n<div  class=\"initial-image\"><img  decoding=\"async\" class=\"\" src=\"https:\/\/itva.cloud\/wp-content\/uploads\/2018\/01\/cropped-Drewag_1-Kopie.jpg\" data-size=\"542x360\"><\/div>\n<div  class=\"overlay bg-color1\"><\/div>\n<div  class=\"swap-inner col-xs-12\">\n<div  class=\"row full-height-row middle-xs middle-sm\">\n<div  class=\"col-xs-12 text-center content-holder\"><\/div>\n<\/div>\n<\/div>\n<\/div>\n<\/div>\n<div  class=\"col-xs-12 col-sm-3 no-gutter-col\">\n<div  class=\"contentswap-effect\" data-hover-fx=\"portfolio-4\">\n<div  class=\"initial-image\"><img  decoding=\"async\" class=\"\" src=\"https:\/\/itva.cloud\/wp-content\/uploads\/2018\/01\/cropped-DSC07205-Kopie.jpg\" data-size=\"542x360\"><\/div>\n<div  class=\"overlay bg-color1\"><\/div>\n<div  class=\"swap-inner col-xs-12\">\n<div  class=\"row full-height-row middle-xs middle-sm\">\n<div  class=\"col-xs-12 text-center content-holder\"><\/div>\n<\/div>\n<\/div>\n<\/div>\n<\/div>\n<\/div>\n<\/div>\n<\/div><div  id=\"testimonials-5\" class=\"testimonials-5 content-section content-section-spacing\" style=\"background-color: #ffffff;\" data-label=\"Testimonials\" data-id=\"testimonials-5\" data-export-id=\"testimonials-5\" data-category=\"testimonials\">\n<div  class=\"gridContainer\">\n<div  class=\"row\">\n<div  class=\"section-title-col\" data-type=\"column\">\n<h2  class=\"\">Testimonials<\/h2>\n<p  class=\"lead\">warum der ITVA so wertvoll ist<\/p>\n\n\n<\/div>\n<\/div>\n<div  class=\"row spaced-cols content-center-sm\" data-type=\"row\">\n<div  class=\"col-sm-4\">\n<div  class=\"card y-move bordered\" data-type=\"column\"><i  class=\"fa fa-quote-right icon color1 small\"><\/i>\n<p  class=\"text-center\">Seit der Gr\u00fcndung 1983 hat der ITVA viele Wandlungen duchlaufen, gerade das ist eine seiner St\u00e4rken. Die ITVA-Award Pyramide ist damit eine begehrte Preis-Troph\u00e4e geworden.<\/p>\n<img  decoding=\"async\" class=\"round icon\" src=\"https:\/\/itva.cloud\/wp-content\/uploads\/2018\/01\/cropped-Dr-Dotzler_Computer-Communication-Coach_b-1.jpg\">\n<h6  class=\"\">Dr. Gerhard Dotzler<\/h6>\n<p  class=\"small italic\">Gr\u00fcndungsmitglied ITVA. Gesch\u00e4ftsf\u00fchrer Dr. Dotzler Medieninstitut, Frankfurt<\/p>\n\n\n<\/div>\n<\/div>\n<div  class=\"col-sm-4\">\n<div  class=\"card y-move bordered\" data-type=\"column\"><i  class=\"fa fa-quote-right icon color1 small\"><\/i>\n<p  class=\"text-center\">Als Professor fragen mich Studenten oft welche Berufe Zukunft haben, auf was sie ihre Karriere aufbauen sollen. Der ITVA gibt mir dazu kompetenten Background.<\/p>\n<img  decoding=\"async\" class=\"round icon\" src=\"https:\/\/itva.cloud\/wp-content\/uploads\/2018\/01\/cropped-Prof-Dr-Malte-Behrmann-1.jpg\">\n<h6  class=\"\">Prof. Dr. Malte Behrmann<\/h6>\n<p  class=\"small italic\">Professor an der bbw Berlin, Gesch\u00e4ftsf\u00fchrer Gamefarm GmbH<\/p>\n\n\n<\/div>\n<\/div>\n<div  class=\"col-sm-4\">\n<div  class=\"card y-move bordered\" data-type=\"column\"><i  class=\"fa fa-quote-right icon color1 small\"><\/i>\n<p  class=\"text-center\">Mit dem 21. ITVA-Award 2016 im Rahmen der Designer\u00b4s Open in Leipzig konnten wir eine neue Messe noch attraktiver f\u00fcr junge Kreative machen und deren Anziehungskraft erh\u00f6hen.<\/p>\n<img  decoding=\"async\" class=\"round icon\" src=\"https:\/\/itva.cloud\/wp-content\/uploads\/2018\/01\/cropped-Silvana-Kuerschner-1.jpg\">\n<h6  class=\"\">Silvana K\u00fcrschner<\/h6>\n<p  class=\"small italic\">Zentralbereichsleiterin Gesch\u00e4ftsentwicklung Leipziger Messe GmbH<\/p>\n\n\n<\/div>\n<\/div>\n<\/div>\n<\/div>\n<\/div><div  id=\"cta-1\" class=\"cta-blue-section content-section content-section-spacing-medium bg-color1 white-text\" data-label=\"Cta\" data-id=\"cta-blue-section\" data-export-id=\"cta-blue-section\" data-category=\"cta\">\n<div  class=\"gridContainer\">\n<div  class=\"row middle-xs\">\n<div  class=\"col-sm-8 space-bottom-xs\" data-type=\"column\">\n<h2  class=\"\">Join us! <span  class=\"font-300\">unterst\u00fctzen Sie den ITVA<\/span><\/h2>\n<\/div>\n<div  class=\"col-sm-4 end-sm\" data-type=\"column\"><a  class=\"button color2\" href=\"https:\/\/itva-aifilmworkshop.manus.space\/itva-membership\" target=\"_blank\" data-cp-link=\"1\" rel=\"noopener noreferrer\"> Mitglied werden <\/a><\/div>\n<\/div>\n<\/div>\n<\/div>","protected":false},"excerpt":{"rendered":"<p>TECHNOLOGY Technik bestimmt die Medien und Corporate Communication, die komplexe Beherrschung schafft Produktivit\u00e4t&nbsp;im Sinne des Menschen VISUALISATION Film, Video, Illustration, Photografie \u2013 Bilder transportieren Emotionen und Informationen Integrierte multimediale Kommunikation ARTIFICIAL INTELLIGENCE AI, k\u00fcnstliche Intelligenz, Big-Data, Deep Learning werden die Kreativit\u00e4t der n\u00e4chsten Jahre stark beeinflussen ITVA_Press ITVA_Press ist der Branchen Newservice mit Neuigkeiten aus&hellip; <br \/> <a class=\"read-more\" href=\"https:\/\/itva.cloud\/index.php\/2026\/04\/19\/ein-morgen-voller-durchbrueche-wie-llama-4-und-gemma-4-die-filmwelt-veraendern\/\">Weiterlesen<\/a><\/p>\n","protected":false},"author":2,"featured_media":0,"parent":0,"menu_order":0,"comment_status":"closed","ping_status":"closed","template":"page-templates\/homepage.php","meta":{"footnotes":""},"class_list":["post-71","page","type-page","status-publish","hentry"],"_links":{"self":[{"href":"https:\/\/itva.cloud\/index.php\/wp-json\/wp\/v2\/pages\/71","targetHints":{"allow":["GET"]}}],"collection":[{"href":"https:\/\/itva.cloud\/index.php\/wp-json\/wp\/v2\/pages"}],"about":[{"href":"https:\/\/itva.cloud\/index.php\/wp-json\/wp\/v2\/types\/page"}],"author":[{"embeddable":true,"href":"https:\/\/itva.cloud\/index.php\/wp-json\/wp\/v2\/users\/2"}],"replies":[{"embeddable":true,"href":"https:\/\/itva.cloud\/index.php\/wp-json\/wp\/v2\/comments?post=71"}],"version-history":[{"count":28,"href":"https:\/\/itva.cloud\/index.php\/wp-json\/wp\/v2\/pages\/71\/revisions"}],"predecessor-version":[{"id":962,"href":"https:\/\/itva.cloud\/index.php\/wp-json\/wp\/v2\/pages\/71\/revisions\/962"}],"wp:attachment":[{"href":"https:\/\/itva.cloud\/index.php\/wp-json\/wp\/v2\/media?parent=71"}],"curies":[{"name":"wp","href":"https:\/\/api.w.org\/{rel}","templated":true}]}}