{"id":313,"date":"2019-04-29T17:26:29","date_gmt":"2019-04-29T16:26:29","guid":{"rendered":"http:\/\/www.itva.eu\/?page_id=313"},"modified":"2026-04-22T21:43:51","modified_gmt":"2026-04-22T20:43:51","slug":"events-termine","status":"publish","type":"page","link":"https:\/\/itva.cloud\/index.php\/events-termine\/","title":{"rendered":"Events\/Termine"},"content":{"rendered":"\n<figure class=\"wp-block-image size-full\"><img loading=\"lazy\" decoding=\"async\" width=\"2000\" height=\"1124\" src=\"https:\/\/itva.cloud\/wp-content\/uploads\/2026\/04\/IMPERIA-Main-Poster-german-2000.jpg\" alt=\"\" class=\"wp-image-1025\" srcset=\"https:\/\/itva.cloud\/wp-content\/uploads\/2026\/04\/IMPERIA-Main-Poster-german-2000.jpg 2000w, https:\/\/itva.cloud\/wp-content\/uploads\/2026\/04\/IMPERIA-Main-Poster-german-2000-300x169.jpg 300w, https:\/\/itva.cloud\/wp-content\/uploads\/2026\/04\/IMPERIA-Main-Poster-german-2000-768x432.jpg 768w, https:\/\/itva.cloud\/wp-content\/uploads\/2026\/04\/IMPERIA-Main-Poster-german-2000-1536x863.jpg 1536w, https:\/\/itva.cloud\/wp-content\/uploads\/2026\/04\/IMPERIA-Main-Poster-german-2000-1024x575.jpg 1024w, https:\/\/itva.cloud\/wp-content\/uploads\/2026\/04\/IMPERIA-Main-Poster-german-2000-1920x1080.jpg 1920w\" sizes=\"auto, (max-width: 2000px) 100vw, 2000px\" \/><\/figure>\n\n\n\n<p><strong>1. AI FILMING Workshop | Die Herstellung des KI-Films IMPERIA<\/strong><\/p>\n\n\n\n<p>Lerne, wie du mit KI-Tools professionelle Filme in Rekordzeit erstellst. Marcel Barsotti KI-Filmemacher &amp; Workshop-Trainer, Regisseur des KI-Films IMPERIA Marcel Barsotti ist ein innovativer Filmemacher, der die Grenzen zwischen traditioneller Filmkunst und k\u00fcnstlicher Intelligenz verschiebt.<br>Mit seinem bahnbrechenden KI-Film IMPERIA hat er gezeigt, dass Hollywood-Qualit\u00e4t mit KI-Tools in Rekordzeit m\u00f6glich ist. In seinen Workshops lehrt Marcel, wie man professionelle Filme mit KI-Tools produziert \u2013 von der Konzeption bis zur finalen Post-Produktion.<\/p>\n\n\n\n<p>&gt;&gt; <strong><a href=\"https:\/\/itva-aifilmworkshop.manus.space\">Hier findet Ihr alle Informationen und die Anmeldung<\/a><\/strong> (f\u00fcr ITVA-Mitglieder kostenlos!)<\/p>\n\n\n\n<figure class=\"wp-block-image size-full\"><img loading=\"lazy\" decoding=\"async\" width=\"1536\" height=\"1024\" src=\"https:\/\/itva.cloud\/wp-content\/uploads\/2026\/04\/26.-ITVA-AWARD-im-futuristischen-Stadtbild.png\" alt=\"\" class=\"wp-image-1027\" srcset=\"https:\/\/itva.cloud\/wp-content\/uploads\/2026\/04\/26.-ITVA-AWARD-im-futuristischen-Stadtbild.png 1536w, https:\/\/itva.cloud\/wp-content\/uploads\/2026\/04\/26.-ITVA-AWARD-im-futuristischen-Stadtbild-300x200.png 300w, https:\/\/itva.cloud\/wp-content\/uploads\/2026\/04\/26.-ITVA-AWARD-im-futuristischen-Stadtbild-768x512.png 768w, https:\/\/itva.cloud\/wp-content\/uploads\/2026\/04\/26.-ITVA-AWARD-im-futuristischen-Stadtbild-1024x683.png 1024w\" sizes=\"auto, (max-width: 1536px) 100vw, 1536px\" \/><\/figure>\n\n\n\n<p><strong>Anmeldung zum 26. ITVA-Award<\/strong><\/p>\n\n\n\n<p>&gt;&gt;<a href=\"https:\/\/26-itva-award.manus.space\" target=\"_blank\" rel=\"noreferrer noopener\"> <em><strong>Hier k\u00f6nnt Ihr Eure Produktion, Corporate Image Projekt, AI-Filmprojekt einreichen<\/strong><\/em><\/a><\/p>\n\n\n\n<p>Einreichungsfrist ist der 30. Juli 2026! <\/p>\n\n\n\n<p>&gt;&gt; <a href=\"https:\/\/26-itva-award.manus.space\/#kategorien\" target=\"_blank\" rel=\"noreferrer noopener\">Hier findet Ihre alle Informationen, die 12 Kategorien, sowie das Einreichungsformular online<\/a><\/p>\n\n\n\n<p>Wir freuen uns auf Eure Beitr\u00e4ge!<\/p>\n\n\n\n<p>Bei Fragen zum 26. ITVA-Award k\u00f6nnt Ihr uns gerne per E\u2010Mail:&nbsp;<strong><a href=\"mailto:award@itva.eu\" target=\"_blank\" rel=\"noreferrer noopener\">award@itva.eu<\/a><\/strong>&nbsp;<br>oder telefonisch und per WhatApp unter&nbsp;<strong><a href=\"tel:+49-151-2302.6212\">+49-151-2302.6212<\/a><\/strong> kontaktieren<\/p>\n\n\n\n<p><strong>Seien Sie kreativ!<\/strong><\/p>\n\n\n\n<figure class=\"wp-block-image size-full is-resized\"><img loading=\"lazy\" decoding=\"async\" width=\"1376\" height=\"768\" src=\"https:\/\/itva.cloud\/wp-content\/uploads\/2026\/04\/NEU-Im-KI-Elefantenclub-1.png\" alt=\"\" class=\"wp-image-1029\" srcset=\"https:\/\/itva.cloud\/wp-content\/uploads\/2026\/04\/NEU-Im-KI-Elefantenclub-1.png 1376w, https:\/\/itva.cloud\/wp-content\/uploads\/2026\/04\/NEU-Im-KI-Elefantenclub-1-300x167.png 300w, https:\/\/itva.cloud\/wp-content\/uploads\/2026\/04\/NEU-Im-KI-Elefantenclub-1-768x429.png 768w, https:\/\/itva.cloud\/wp-content\/uploads\/2026\/04\/NEU-Im-KI-Elefantenclub-1-1024x572.png 1024w\" sizes=\"auto, (max-width: 1376px) 100vw, 1376px\" \/><\/figure>\n\n\n\n<p>Der&nbsp;<strong>KI-Elefantenclub goes AI-Film Training<\/strong>. Im Rahmen unserer Kooperation mit&nbsp;<strong>Marcel Koch<\/strong>&nbsp;und der Mission KI ist der KI Elefantenclub die KI-Community in der wir uns direkt austauschen k\u00f6nnen, Workshops planen und das Thema aus verschiedenen Blickwinkeln betrachten.<\/p>\n\n\n\n<p><strong>Ab Mai wird werden wir das Thema AI-Film mit einem monatlichen online Slot (immer der dritte Montag des Monats um 19.00 Uhr) ausf\u00fchrlich erlebbar machen<\/strong>. <\/p>\n\n\n\n<p>Matthias, Pr\u00e4sident des ITVA wird als Host zeigen, was heute m\u00f6glich ist und auch G\u00e4ste aus der Branche sind eingeladen Ihre Erfahrung mit AI-Filmm\u00f6glichkeiten zu erkl\u00e4ren.<\/p>\n\n\n\n<p>&gt;&gt; <strong><a href=\"https:\/\/itva-aifilmworkshop.manus.space\/itva-membership\">Hier geht es zur Anmeldung beim KI-Elefanten Club<\/a><\/strong><\/p>\n","protected":false},"excerpt":{"rendered":"<p>1. AI FILMING Workshop | Die Herstellung des KI-Films IMPERIA Lerne, wie du mit KI-Tools professionelle Filme in Rekordzeit erstellst. Marcel Barsotti KI-Filmemacher &amp; Workshop-Trainer, Regisseur des KI-Films IMPERIA Marcel Barsotti ist ein innovativer Filmemacher, der die Grenzen zwischen traditioneller Filmkunst und k\u00fcnstlicher Intelligenz verschiebt.Mit seinem bahnbrechenden KI-Film IMPERIA hat er gezeigt, dass Hollywood-Qualit\u00e4t mit&hellip; <br \/> <a class=\"read-more\" href=\"https:\/\/itva.cloud\/index.php\/events-termine\/\">Weiterlesen<\/a><\/p>\n","protected":false},"author":2,"featured_media":137,"parent":0,"menu_order":0,"comment_status":"closed","ping_status":"closed","template":"","meta":{"footnotes":""},"class_list":["post-313","page","type-page","status-publish","has-post-thumbnail","hentry"],"_links":{"self":[{"href":"https:\/\/itva.cloud\/index.php\/wp-json\/wp\/v2\/pages\/313","targetHints":{"allow":["GET"]}}],"collection":[{"href":"https:\/\/itva.cloud\/index.php\/wp-json\/wp\/v2\/pages"}],"about":[{"href":"https:\/\/itva.cloud\/index.php\/wp-json\/wp\/v2\/types\/page"}],"author":[{"embeddable":true,"href":"https:\/\/itva.cloud\/index.php\/wp-json\/wp\/v2\/users\/2"}],"replies":[{"embeddable":true,"href":"https:\/\/itva.cloud\/index.php\/wp-json\/wp\/v2\/comments?post=313"}],"version-history":[{"count":31,"href":"https:\/\/itva.cloud\/index.php\/wp-json\/wp\/v2\/pages\/313\/revisions"}],"predecessor-version":[{"id":1050,"href":"https:\/\/itva.cloud\/index.php\/wp-json\/wp\/v2\/pages\/313\/revisions\/1050"}],"wp:featuredmedia":[{"embeddable":true,"href":"https:\/\/itva.cloud\/index.php\/wp-json\/wp\/v2\/media\/137"}],"wp:attachment":[{"href":"https:\/\/itva.cloud\/index.php\/wp-json\/wp\/v2\/media?parent=313"}],"curies":[{"name":"wp","href":"https:\/\/api.w.org\/{rel}","templated":true}]}}