{"id":12,"date":"2017-12-29T23:02:27","date_gmt":"2017-12-29T23:02:27","guid":{"rendered":"http:\/\/itva.eu\/?page_id=12"},"modified":"2025-01-21T16:31:06","modified_gmt":"2025-01-21T15:31:06","slug":"a-homepage-section","status":"publish","type":"page","link":"https:\/\/itva.cloud\/index.php\/a-homepage-section\/","title":{"rendered":"Wer wir sind"},"content":{"rendered":"<p><strong>ITVA &#8211; Institute of Technology, Visualisation &amp; AI<\/strong><\/p>\n<p>Qualit\u00e4t durch Kreativit\u00e4t ist unser Leitspruch<\/p>\n<p>Der Name <strong>ITVA<\/strong> setzt sich aus den Begriffen &#8222;<strong>Technology<\/strong>&#8220; &#8222;<strong>Visualisation<\/strong>&#8220; und &#8222;<strong>AI &#8211; Artificial Intelligence<\/strong>&#8220; zusammen und zeigt deutlich, dass der Verband neue Entwicklungen im Bereich Medien und Corporate Communication thematisiert.<\/p>\n<p>Die Geschichte dieses Interessenverbandes reicht viele Jahre zur\u00fcck. Die deutsche Sektion des ITVA besteht <strong>seit 1983<\/strong>. Mit dabei sind Unternehmen, Institutionen, Kreative, Produzenten, Lieferanten, Dienstleister, Berater, Autoren, Regisseure, Kameraleute, Tontechniker, AI Experten, Softwareentwickler und Fachverb\u00e4nde.<\/p>\n<p>Die deutsche Sektion des ITVA war lange Jahre wichtiges Mitglied des <strong>internationalen ITVA-Netzwerkes<\/strong>, mit Hauptsitz in den USA.\u00a0Seit Umwandlung der amerikanischen Chapter in die <strong>MCA-I<\/strong> ist der deutsche ITVA als Verband unabh\u00e4ngig. Fr\u00fcher stand der Name ITVA noch f\u00fcr \u201e<strong>International Television Association<\/strong>\u201c. Mittlerweile wurde der Verband umstrukturiert, und in diesem Zusammenhang \u00e4nderten die Verantwortlichen auch die Namens-Bedeutung. Der Name ITVA setzte sich aus den Begriffen &#8222;<strong>Integrated<\/strong>&#8220; und &#8222;<strong>TV &amp; Video<\/strong>&#8220; zusammen und machte deutlich, dass sich der Verband an die Bed\u00fcrfnisse des Marktes angepasst hatte. Der <strong>ITVA<\/strong> hat sich mit den Jahren fest in der <strong>Medien-<\/strong> und <strong>Corporate Communication Branche<\/strong> etabliert und ist mittlerweile zu einer <strong>Marke<\/strong> ja einem <strong>regelrechten G\u00fctesiegel<\/strong> geworden.<\/p>\n<p>Anfang <strong>2011<\/strong> startete der Verband mit einem neuen Vorstand in einen neuen Abschnitt und in eine vision\u00e4re Zukunft der Corporate Communication und Bewegtbildbranche. Seit <strong>2019<\/strong> entwickelt sich ausserdem das <strong>Institute of Technology<\/strong>, <strong>Visualisation<\/strong> and <strong>AI<\/strong>, um auch diesen logischen Schritt hin zu einer <strong>neuen Realit\u00e4t in der Medienwelt<\/strong> mitzugestalten und Standars zu etablieren.<\/p>\n<p>Auch der <strong><a href=\"https:\/\/itva.cloud\/index.php\/award-geschichte\/\">ITVA-Award<\/a><\/strong>, als einer der wichtigsten Aktivit\u00e4ten des Verbandes, hat eine \u00fcber 20j\u00e4hrige Geschichte und vergibt die <strong>ber\u00fchmten ITVA-Pyramiden<\/strong>. In einer gro\u00dfen Gala werden dann die herausragenden Produktionen aus dem Corporate-Video-Bereich in 12 Kategorien des Wirtschaftsfilm gew\u00fcrdigt. Die Teilnehmer und Preistr\u00e4ger des Festivals setzten sich aus verschiedenen Auftraggebern, Unternehmern, Produzenten sowie Urhebern zusammen.<\/p>\n\n<div class=\"wp-block-image\">\n<figure class=\"aligncenter\"><img loading=\"lazy\" decoding=\"async\" width=\"600\" height=\"173\" src=\"https:\/\/itva.cloud\/wp-content\/uploads\/2018\/01\/30-Jahre-ITVA-Jubilaeum-2013-600.jpg\" alt=\"\" class=\"wp-image-191\" srcset=\"https:\/\/itva.cloud\/wp-content\/uploads\/2018\/01\/30-Jahre-ITVA-Jubilaeum-2013-600.jpg 600w, https:\/\/itva.cloud\/wp-content\/uploads\/2018\/01\/30-Jahre-ITVA-Jubilaeum-2013-600-300x87.jpg 300w\" sizes=\"auto, (max-width: 600px) 100vw, 600px\" \/><figcaption class=\"wp-element-caption\">Mehr als 40 Jahre ITVA 1983 &#8211; 2025<\/figcaption><\/figure>\n<\/div>","protected":false},"excerpt":{"rendered":"<p>ITVA &#8211; Institute of Technology, Visualisation &amp; AI Qualit\u00e4t durch Kreativit\u00e4t ist unser Leitspruch Der Name ITVA setzt sich aus den Begriffen &#8222;Technology&#8220; &#8222;Visualisation&#8220; und &#8222;AI &#8211; Artificial Intelligence&#8220; zusammen und zeigt deutlich, dass der Verband neue Entwicklungen im Bereich Medien und Corporate Communication thematisiert. Die Geschichte dieses Interessenverbandes reicht viele Jahre zur\u00fcck. Die deutsche&hellip; <br \/> <a class=\"read-more\" href=\"https:\/\/itva.cloud\/index.php\/a-homepage-section\/\">Weiterlesen<\/a><\/p>\n","protected":false},"author":2,"featured_media":36,"parent":0,"menu_order":0,"comment_status":"closed","ping_status":"closed","template":"","meta":{"footnotes":""},"class_list":["post-12","page","type-page","status-publish","has-post-thumbnail","hentry"],"_links":{"self":[{"href":"https:\/\/itva.cloud\/index.php\/wp-json\/wp\/v2\/pages\/12","targetHints":{"allow":["GET"]}}],"collection":[{"href":"https:\/\/itva.cloud\/index.php\/wp-json\/wp\/v2\/pages"}],"about":[{"href":"https:\/\/itva.cloud\/index.php\/wp-json\/wp\/v2\/types\/page"}],"author":[{"embeddable":true,"href":"https:\/\/itva.cloud\/index.php\/wp-json\/wp\/v2\/users\/2"}],"replies":[{"embeddable":true,"href":"https:\/\/itva.cloud\/index.php\/wp-json\/wp\/v2\/comments?post=12"}],"version-history":[{"count":13,"href":"https:\/\/itva.cloud\/index.php\/wp-json\/wp\/v2\/pages\/12\/revisions"}],"predecessor-version":[{"id":724,"href":"https:\/\/itva.cloud\/index.php\/wp-json\/wp\/v2\/pages\/12\/revisions\/724"}],"wp:featuredmedia":[{"embeddable":true,"href":"https:\/\/itva.cloud\/index.php\/wp-json\/wp\/v2\/media\/36"}],"wp:attachment":[{"href":"https:\/\/itva.cloud\/index.php\/wp-json\/wp\/v2\/media?parent=12"}],"curies":[{"name":"wp","href":"https:\/\/api.w.org\/{rel}","templated":true}]}}