{"id":108,"date":"2018-01-19T23:00:47","date_gmt":"2018-01-19T22:00:47","guid":{"rendered":"http:\/\/www.itva.eu\/?page_id=108"},"modified":"2018-01-19T23:05:02","modified_gmt":"2018-01-19T22:05:02","slug":"institut-verband","status":"publish","type":"page","link":"https:\/\/itva.cloud\/index.php\/institut-verband\/","title":{"rendered":"Institut\/Verband"},"content":{"rendered":"<p><strong>ITVA \u2013 Institut of Technology, Visualisation &amp; AI Institut und Internationaler Fachverband f\u00fcr audiovisuelle Kommunikation <\/strong><\/p>\n<p>Qualit\u00e4t durch Kreativit\u00e4t ist unser Leitspruch<\/p>\n<p>Der Name ITVA setzt sich aus den Begriffen \u201cTechnology\u201d \u201cVisualisation\u201d und \u201cAI \u2013 Artificial Intelligence\u201d zusammen und zeigt deutlich, dass der Verband neue Entwicklungen im Bereich Medien und Corporate Communication thematisiert. Die Geschichte dieses Interessenverbandes reicht viele Jahre zur\u00fcck. Die deutsche Sektion des ITVA besteht seit 1983. Mit dabei sind Unternehmen, Institutionen, Kreative, Produzenten, Lieferanten, Dienstleister, Berater, Autoren, Regisseure, Kameraleute, Tontechniker, AI Experten, Softwareentwickler und Fachverb\u00e4nde.<\/p>\n<p>Der ITVA f\u00f6rdert den Einsatz audio-visueller Medien in Kommunikationsprozessen in Wirtschaft und Institutionen sowie in qualitativer oder quantitativer Hinsicht. Seine wichtigste Aufgabe sieht der Verband darin, seinen Mitgliedern vielf\u00e4ltige M\u00f6glichkeiten zum pers\u00f6nlichen und beruflichen Erfahrungsaustausch, zur Information und Weiterbildung auf nationaler und internationaler Ebene zu erm\u00f6glichen.<\/p>\n<p><strong>Der ITVA verbindet die Mitgliedergruppen:<\/strong><br \/>\nFilmschaffende, Filmproduktionsh\u00e4user, Softwareentwickler, Creative, K\u00fcnstler und Hochschulen und Ausbildung<br \/>\nCorporate-Communication-Abteilungen und Auftraggeber<br \/>\nTechnik-Hersteller, Hard- und Software aus dem Bereich Medien, Visualisation und AI<\/p>\n","protected":false},"excerpt":{"rendered":"<p>ITVA \u2013 Institut of Technology, Visualisation &amp; AI Institut und Internationaler Fachverband f\u00fcr audiovisuelle Kommunikation Qualit\u00e4t durch Kreativit\u00e4t ist unser Leitspruch Der Name ITVA setzt sich aus den Begriffen \u201cTechnology\u201d \u201cVisualisation\u201d und \u201cAI \u2013 Artificial Intelligence\u201d zusammen und zeigt deutlich, dass der Verband neue Entwicklungen im Bereich Medien und Corporate Communication thematisiert. Die Geschichte dieses&hellip; <br \/> <a class=\"read-more\" href=\"https:\/\/itva.cloud\/index.php\/institut-verband\/\">Weiterlesen<\/a><\/p>\n","protected":false},"author":2,"featured_media":0,"parent":0,"menu_order":0,"comment_status":"closed","ping_status":"closed","template":"","meta":{"footnotes":""},"class_list":["post-108","page","type-page","status-publish","hentry"],"_links":{"self":[{"href":"https:\/\/itva.cloud\/index.php\/wp-json\/wp\/v2\/pages\/108","targetHints":{"allow":["GET"]}}],"collection":[{"href":"https:\/\/itva.cloud\/index.php\/wp-json\/wp\/v2\/pages"}],"about":[{"href":"https:\/\/itva.cloud\/index.php\/wp-json\/wp\/v2\/types\/page"}],"author":[{"embeddable":true,"href":"https:\/\/itva.cloud\/index.php\/wp-json\/wp\/v2\/users\/2"}],"replies":[{"embeddable":true,"href":"https:\/\/itva.cloud\/index.php\/wp-json\/wp\/v2\/comments?post=108"}],"version-history":[{"count":4,"href":"https:\/\/itva.cloud\/index.php\/wp-json\/wp\/v2\/pages\/108\/revisions"}],"predecessor-version":[{"id":112,"href":"https:\/\/itva.cloud\/index.php\/wp-json\/wp\/v2\/pages\/108\/revisions\/112"}],"wp:attachment":[{"href":"https:\/\/itva.cloud\/index.php\/wp-json\/wp\/v2\/media?parent=108"}],"curies":[{"name":"wp","href":"https:\/\/api.w.org\/{rel}","templated":true}]}}