{"id":106,"date":"2018-01-19T22:58:46","date_gmt":"2018-01-19T21:58:46","guid":{"rendered":"http:\/\/www.itva.eu\/?page_id=106"},"modified":"2026-04-12T18:41:45","modified_gmt":"2026-04-12T17:41:45","slug":"award-geschichte","status":"publish","type":"page","link":"https:\/\/itva.cloud\/index.php\/award-geschichte\/","title":{"rendered":"Award-Geschichte"},"content":{"rendered":"\n<p><strong>Award-Geschichte: \u00fcber 40 Jahre Wirtschaftsfilm<\/strong><\/p>\n\n\n\n<p>Die begehrten <strong>ITVA-Pyramiden<\/strong> f\u00fcr beispielhafte audiovisuelle Kommunikationsl\u00f6sungen werden nun\u00a0zum 26 Mal vergeben.\u00a0Die Teilnehmer und Preistr\u00e4ger des Festivals setzten sich aus verschiedenen Auftraggebern, Unternehmern, Produzenten sowie Urhebern zusammen. <strong>Viele namhafte Unternehmen<\/strong> wie BMW AG, Gardena, Miele, Siemens, das Bundesland Th\u00fcringen, Leipziger Buchmesse, Deutscher Sparkassen- und Giroverband e.V. aber auch Film- und Produktionsunternehmen wie LAKRITZ Film, Naumann Film, Exponet 3, Avanga Filmproduktion, feinefilme.TV, M.I.T e-Solutions GmbH, mediaprojekt, 3c Creative Communication Concepts, nachtschw\u00e4rmerfilm, u.v.m. haben eingereicht und konnten bei der <strong>ITVA-Award-Gala<\/strong> einen Preis mit nach Hause nehmen.<\/p>\n\n\n\n<p><strong>Die Kategorien, in denen die Preise vergeben werden:<\/strong><br> 1. Verkaufsf\u00f6rderung, Marketing (+ Schulung, Training, Information)<br> 2. Corporate Image<br> 3. Dokumentation (wissenschaftlich, kulturell, technisch)<br> 4. TV\/Kino \/Trailer<br> 5. Forschung und Entwicklung<br> 6. Interaktive-Anwendungen<br> 7. Medieneinsatz bei Events, Veranstaltungen und Incentives<br> 8. Non-commecial\/Video Kunst<br> 9. Design in Motion\/ Postproduktion<br> 10. IPTV-Projekte<br> 11. P.O.S.<br> 12. AI-Projekte<\/p>\n\n\n\n<p>Die spannende Preisverleihung der begehrten <strong>ITVA-Pyramiden<\/strong> in <strong>Gold, Silber<\/strong> und <strong>Bronze<\/strong> ist der festliche H\u00f6hepunkt der Award-Gala. Zus\u00e4tzlich werden an diesem Abend au\u00dferdem Sonderpreise in variablen Kategorien und ein Lebenswerk vergeben.<\/p>\n\n\n\n<p><strong>R\u00fcckblicke<\/strong><\/p>\n\n\n\n<figure class=\"wp-block-image is-resized\"><img loading=\"lazy\" decoding=\"async\" width=\"618\" height=\"229\" src=\"https:\/\/itva.cloud\/wp-content\/uploads\/2020\/12\/cache_2470362827.jpg.png\" alt=\"\" class=\"wp-image-535\" style=\"width:579px;height:214px\" srcset=\"https:\/\/itva.cloud\/wp-content\/uploads\/2020\/12\/cache_2470362827.jpg.png 618w, https:\/\/itva.cloud\/wp-content\/uploads\/2020\/12\/cache_2470362827.jpg-300x111.png 300w\" sizes=\"auto, (max-width: 618px) 100vw, 618px\" \/><\/figure>\n\n\n\n<ul class=\"wp-block-list\">\n<li><strong>21. ITVA-Award&nbsp;&#8211; Mahler Saal, Kongresshalle Leipzig<\/strong>\n<ul class=\"wp-block-list\">\n<li><a rel=\"noreferrer noopener\" href=\"https:\/\/itva.cloud\/wp-content\/uploads\/2020\/12\/21-ITVA-Award-2016-die-Kategorien-und-Ihre-Gewinner.pdf\" target=\"_blank\">Die Kategorien und Ihre Gewinner<\/a><\/li>\n\n\n\n<li><a href=\"https:\/\/itva.cloud\/wp-content\/uploads\/2020\/12\/Presse-Mitteilung-ITVA-Award-2016-die-Preistraeger.pdf\" target=\"_blank\" rel=\"noreferrer noopener\">ITVA-Press zum 21. ITVA-Award<\/a><\/li>\n\n\n\n<li>Gewinnerfilme<\/li>\n\n\n\n<li>Bildergalerie<\/li>\n<\/ul>\n<\/li>\n<\/ul>\n\n\n\n<figure class=\"wp-block-image size-large is-resized\"><img loading=\"lazy\" decoding=\"async\" width=\"1800\" height=\"1124\" src=\"https:\/\/itva.cloud\/wp-content\/uploads\/2020\/12\/20.ITVA-Award-Wartburg-IMG_0469-edited.jpg\" alt=\"\" class=\"wp-image-537\" style=\"width:579px;height:362px\" srcset=\"https:\/\/itva.cloud\/wp-content\/uploads\/2020\/12\/20.ITVA-Award-Wartburg-IMG_0469-edited.jpg 1800w, https:\/\/itva.cloud\/wp-content\/uploads\/2020\/12\/20.ITVA-Award-Wartburg-IMG_0469-edited-300x187.jpg 300w, https:\/\/itva.cloud\/wp-content\/uploads\/2020\/12\/20.ITVA-Award-Wartburg-IMG_0469-edited-768x480.jpg 768w, https:\/\/itva.cloud\/wp-content\/uploads\/2020\/12\/20.ITVA-Award-Wartburg-IMG_0469-edited-1536x959.jpg 1536w, https:\/\/itva.cloud\/wp-content\/uploads\/2020\/12\/20.ITVA-Award-Wartburg-IMG_0469-edited-1024x639.jpg 1024w, https:\/\/itva.cloud\/wp-content\/uploads\/2020\/12\/20.ITVA-Award-Wartburg-IMG_0469-edited-1730x1080.jpg 1730w\" sizes=\"auto, (max-width: 1800px) 100vw, 1800px\" \/><\/figure>\n\n\n\n<ul class=\"wp-block-list\">\n<li><strong>20. ITVA-Award&nbsp;&#8211; Wartburg<\/strong>\n<ul class=\"wp-block-list\">\n<li>Die Kategorien und Ihre Gewinner<\/li>\n\n\n\n<li>ITVA-Press zum 20. ITVA-Award<\/li>\n\n\n\n<li>Gewinnerfilme<\/li>\n\n\n\n<li>Bildergalerie<\/li>\n<\/ul>\n<\/li>\n<\/ul>\n\n\n\n<figure class=\"wp-block-image size-large is-resized\"><img loading=\"lazy\" decoding=\"async\" width=\"910\" height=\"650\" src=\"https:\/\/itva.cloud\/wp-content\/uploads\/2020\/12\/19_ITVA_Award_Gala_0003.jpg\" alt=\"\" class=\"wp-image-538\" style=\"width:578px;height:413px\" srcset=\"https:\/\/itva.cloud\/wp-content\/uploads\/2020\/12\/19_ITVA_Award_Gala_0003.jpg 910w, https:\/\/itva.cloud\/wp-content\/uploads\/2020\/12\/19_ITVA_Award_Gala_0003-300x214.jpg 300w, https:\/\/itva.cloud\/wp-content\/uploads\/2020\/12\/19_ITVA_Award_Gala_0003-768x549.jpg 768w\" sizes=\"auto, (max-width: 910px) 100vw, 910px\" \/><\/figure>\n\n\n\n<ul class=\"wp-block-list\">\n<li><strong>19. ITVA-Award&nbsp;&#8211; Im Filmpark Babelsberg Metropolis Saal<\/strong>\n<ul class=\"wp-block-list\">\n<li>Die Kategorien und Ihre Gewinner<\/li>\n\n\n\n<li><a rel=\"noreferrer noopener\" href=\"https:\/\/itva.cloud\/wp-content\/uploads\/2020\/12\/ITVA-Press-Ausgabe_2012-01.pdf\" target=\"_blank\">ITVA-Press zum 19. ITVA-Award<\/a><\/li>\n\n\n\n<li>Gewinnerfilme<\/li>\n\n\n\n<li>Bildergalerie<\/li>\n<\/ul>\n<\/li>\n<\/ul>\n\n\n\n<figure class=\"wp-block-image size-large is-resized\"><img loading=\"lazy\" decoding=\"async\" width=\"782\" height=\"520\" src=\"https:\/\/itva.cloud\/wp-content\/uploads\/2020\/12\/DSC07408.jpg\" alt=\"\" class=\"wp-image-572\" style=\"width:580px;height:385px\" srcset=\"https:\/\/itva.cloud\/wp-content\/uploads\/2020\/12\/DSC07408.jpg 782w, https:\/\/itva.cloud\/wp-content\/uploads\/2020\/12\/DSC07408-300x199.jpg 300w, https:\/\/itva.cloud\/wp-content\/uploads\/2020\/12\/DSC07408-768x511.jpg 768w\" sizes=\"auto, (max-width: 782px) 100vw, 782px\" \/><\/figure>\n\n\n\n<ul class=\"wp-block-list\">\n<li><strong>18. ITVA-Award<\/strong>\n<ul class=\"wp-block-list\">\n<li>Die Kategorien und Ihre Gewinner<\/li>\n\n\n\n<li><a href=\"https:\/\/itva.cloud\/wp-content\/uploads\/2020\/12\/Einladung_zum_18_ITVA-Award.pdf\" target=\"_blank\" rel=\"noreferrer noopener\">ITVA-Press zum 18. ITVA-Award<\/a><\/li>\n\n\n\n<li>Gewinnerfilme<\/li>\n\n\n\n<li>Bildergalerie<\/li>\n<\/ul>\n<\/li>\n<\/ul>\n\n\n\n<figure class=\"wp-block-image size-large is-resized\"><img loading=\"lazy\" decoding=\"async\" width=\"800\" height=\"535\" src=\"https:\/\/itva.cloud\/wp-content\/uploads\/2020\/12\/ITVA-Award_2009_b00000.jpg\" alt=\"\" class=\"wp-image-557\" style=\"width:579px;height:386px\" srcset=\"https:\/\/itva.cloud\/wp-content\/uploads\/2020\/12\/ITVA-Award_2009_b00000.jpg 800w, https:\/\/itva.cloud\/wp-content\/uploads\/2020\/12\/ITVA-Award_2009_b00000-300x201.jpg 300w, https:\/\/itva.cloud\/wp-content\/uploads\/2020\/12\/ITVA-Award_2009_b00000-768x514.jpg 768w\" sizes=\"auto, (max-width: 800px) 100vw, 800px\" \/><\/figure>\n\n\n\n<ul class=\"wp-block-list\">\n<li><strong>17. ITVA-Award<\/strong>\n<ul class=\"wp-block-list\">\n<li><a rel=\"noreferrer noopener\" href=\"https:\/\/itva.cloud\/wp-content\/uploads\/2020\/12\/dot_Award_17-ITVA-Award-die-Preistraeger.pdf\" target=\"_blank\">Die Kategorien und Ihre Gewinner<\/a><\/li>\n\n\n\n<li><a rel=\"noreferrer noopener\" href=\"https:\/\/itva.cloud\/wp-content\/uploads\/2020\/12\/ITVA-Award_2009_Pressemitteilung_Preistraeger.pdf\" target=\"_blank\">ITVA-Press zum 17. ITVA-Award<\/a><\/li>\n\n\n\n<li>Gewinnerfilme<\/li>\n\n\n\n<li>Bildergalerie<\/li>\n<\/ul>\n<\/li>\n<\/ul>\n\n\n\n<figure class=\"wp-block-image size-large is-resized\"><img loading=\"lazy\" decoding=\"async\" width=\"975\" height=\"650\" src=\"https:\/\/itva.cloud\/wp-content\/uploads\/2020\/12\/DSCF3848.jpg\" alt=\"\" class=\"wp-image-564\" style=\"width:579px;height:385px\" srcset=\"https:\/\/itva.cloud\/wp-content\/uploads\/2020\/12\/DSCF3848.jpg 975w, https:\/\/itva.cloud\/wp-content\/uploads\/2020\/12\/DSCF3848-300x200.jpg 300w, https:\/\/itva.cloud\/wp-content\/uploads\/2020\/12\/DSCF3848-768x512.jpg 768w\" sizes=\"auto, (max-width: 975px) 100vw, 975px\" \/><\/figure>\n\n\n\n<ul class=\"wp-block-list\">\n<li><strong>16. ITVA-Award&nbsp;<\/strong>\n<ul class=\"wp-block-list\">\n<li>Die Kategorien und Ihre Gewinner<\/li>\n\n\n\n<li>ITVA-Press zum 16. ITVA-Award<\/li>\n\n\n\n<li>Gewinnerfilme<\/li>\n\n\n\n<li>Bildergalerie<\/li>\n<\/ul>\n<\/li>\n<\/ul>\n\n\n\n<ul class=\"wp-block-list\">\n<li><strong>15. ITVA-Award&nbsp;<\/strong>\n<ul class=\"wp-block-list\">\n<li>Die Kategorien und Ihre Gewinner<\/li>\n\n\n\n<li>ITVA-Press zum 15. ITVA-Award<\/li>\n\n\n\n<li>Gewinnerfilme<\/li>\n\n\n\n<li>Bildergalerie<\/li>\n<\/ul>\n<\/li>\n<\/ul>\n\n\n\n<figure class=\"wp-block-image size-large is-resized\"><img loading=\"lazy\" decoding=\"async\" width=\"1024\" height=\"682\" src=\"https:\/\/itva.cloud\/wp-content\/uploads\/2020\/12\/ITVA_Gala003.jpg\" alt=\"\" class=\"wp-image-567\" style=\"width:580px;height:386px\" srcset=\"https:\/\/itva.cloud\/wp-content\/uploads\/2020\/12\/ITVA_Gala003.jpg 1024w, https:\/\/itva.cloud\/wp-content\/uploads\/2020\/12\/ITVA_Gala003-300x200.jpg 300w, https:\/\/itva.cloud\/wp-content\/uploads\/2020\/12\/ITVA_Gala003-768x512.jpg 768w\" sizes=\"auto, (max-width: 1024px) 100vw, 1024px\" \/><\/figure>\n\n\n\n<ul class=\"wp-block-list\">\n<li><strong>14. ITVA-Award&nbsp;<\/strong>\n<ul class=\"wp-block-list\">\n<li>Die Kategorien und Ihre Gewinner<\/li>\n\n\n\n<li>ITVA-Press zum 14. ITVA-Award<\/li>\n\n\n\n<li>Gewinnerfilme<\/li>\n\n\n\n<li>Bildergalerie<\/li>\n<\/ul>\n<\/li>\n<\/ul>\n\n\n\n<ul class=\"wp-block-list\">\n<li><strong>13. ITVA-Award&nbsp;<\/strong>\n<ul class=\"wp-block-list\">\n<li>Die Kategorien und Ihre Gewinner<\/li>\n\n\n\n<li>ITVA-Press zum 13. ITVA-Award<\/li>\n\n\n\n<li>Gewinnerfilme<\/li>\n\n\n\n<li>Bildergalerie<\/li>\n<\/ul>\n<\/li>\n<\/ul>\n\n\n\n<figure class=\"wp-block-image size-large is-resized\"><img loading=\"lazy\" decoding=\"async\" width=\"1024\" height=\"682\" src=\"https:\/\/itva.cloud\/wp-content\/uploads\/2020\/12\/itva_award_06.jpg\" alt=\"\" class=\"wp-image-555\" style=\"width:580px;height:386px\" srcset=\"https:\/\/itva.cloud\/wp-content\/uploads\/2020\/12\/itva_award_06.jpg 1024w, https:\/\/itva.cloud\/wp-content\/uploads\/2020\/12\/itva_award_06-300x200.jpg 300w, https:\/\/itva.cloud\/wp-content\/uploads\/2020\/12\/itva_award_06-768x512.jpg 768w\" sizes=\"auto, (max-width: 1024px) 100vw, 1024px\" \/><\/figure>\n\n\n\n<ul class=\"wp-block-list\">\n<li><strong>12. ITVA-Award<\/strong>\n<ul class=\"wp-block-list\">\n<li><a rel=\"noreferrer noopener\" href=\"https:\/\/itva.cloud\/wp-content\/uploads\/2020\/12\/itva_award_2004_preistraeger.pdf\" target=\"_blank\">Die Kategorien und Ihre Gewinner<\/a><\/li>\n\n\n\n<li>ITVA-Press zum 12. ITVA-Award<\/li>\n\n\n\n<li>Gewinnerfilme<\/li>\n\n\n\n<li>Bildergalerie<\/li>\n<\/ul>\n<\/li>\n<\/ul>\n\n\n\n<p><strong>Das ITVA-Award Filmarchiv (30 Jahre Wirtschaftsfilm)<\/strong> <strong>ist im Aufbau<\/strong><\/p>\n\n\n\n<p>Das <strong><a rel=\"noreferrer noopener\" href=\"https:\/\/www.youtube.com\/user\/ITVAintegrated\" target=\"_blank\">ITVA-Award Filmarchiv<\/a><\/strong> ist momentan im Aufbau. Wenn Sie Filme besitzen, die Sie in diesem Rahmen gerne zeigen m\u00f6chten und in eine der ITVA-Award Kategorien passen, <a rel=\"noreferrer noopener\" href=\"https:\/\/www.youtube.com\/user\/ITVAintegrated\" target=\"_blank\"><strong>uploaden Sie Ihren Film hier<\/strong><\/a> und wir pr\u00fcfen ob er in das Archiv aufgenommen werden kann.<\/p>\n\n\n\n<p>Machen Sie mit!<\/p>\n\n\n\n<p><\/p>\n\n\n\n<p><strong>Anmeldung 22. ITVA-Award<\/strong><\/p>\n\n\n\n<p>&gt;&gt; <em><strong><a href=\"https:\/\/itva.cloud\/index.php\/kontakt\/\" target=\"_blank\" rel=\"noreferrer noopener\">Hier k\u00f6nnen Sie sich zur Benachrichtigungsliste eintragen<\/a><\/strong><\/em><\/p>\n\n\n\n<p>Der Einreichungsbeginn und das Einreichungsende f\u00fcr den 22. ITVA-Award werden sobald sie feststehen begannt gegeben.&nbsp;Wir informieren Sie rechtzeitig wenn es wieder los geht.<\/p>\n","protected":false},"excerpt":{"rendered":"<p>Award-Geschichte: \u00fcber 40 Jahre Wirtschaftsfilm Die begehrten ITVA-Pyramiden f\u00fcr beispielhafte audiovisuelle Kommunikationsl\u00f6sungen werden nun\u00a0zum 26 Mal vergeben.\u00a0Die Teilnehmer und Preistr\u00e4ger des Festivals setzten sich aus verschiedenen Auftraggebern, Unternehmern, Produzenten sowie Urhebern zusammen. Viele namhafte Unternehmen wie BMW AG, Gardena, Miele, Siemens, das Bundesland Th\u00fcringen, Leipziger Buchmesse, Deutscher Sparkassen- und Giroverband e.V. aber auch Film- und&hellip; <br \/> <a class=\"read-more\" href=\"https:\/\/itva.cloud\/index.php\/award-geschichte\/\">Weiterlesen<\/a><\/p>\n","protected":false},"author":2,"featured_media":191,"parent":0,"menu_order":0,"comment_status":"closed","ping_status":"closed","template":"","meta":{"footnotes":""},"class_list":["post-106","page","type-page","status-publish","has-post-thumbnail","hentry"],"_links":{"self":[{"href":"https:\/\/itva.cloud\/index.php\/wp-json\/wp\/v2\/pages\/106","targetHints":{"allow":["GET"]}}],"collection":[{"href":"https:\/\/itva.cloud\/index.php\/wp-json\/wp\/v2\/pages"}],"about":[{"href":"https:\/\/itva.cloud\/index.php\/wp-json\/wp\/v2\/types\/page"}],"author":[{"embeddable":true,"href":"https:\/\/itva.cloud\/index.php\/wp-json\/wp\/v2\/users\/2"}],"replies":[{"embeddable":true,"href":"https:\/\/itva.cloud\/index.php\/wp-json\/wp\/v2\/comments?post=106"}],"version-history":[{"count":37,"href":"https:\/\/itva.cloud\/index.php\/wp-json\/wp\/v2\/pages\/106\/revisions"}],"predecessor-version":[{"id":964,"href":"https:\/\/itva.cloud\/index.php\/wp-json\/wp\/v2\/pages\/106\/revisions\/964"}],"wp:featuredmedia":[{"embeddable":true,"href":"https:\/\/itva.cloud\/index.php\/wp-json\/wp\/v2\/media\/191"}],"wp:attachment":[{"href":"https:\/\/itva.cloud\/index.php\/wp-json\/wp\/v2\/media?parent=106"}],"curies":[{"name":"wp","href":"https:\/\/api.w.org\/{rel}","templated":true}]}}